{"id":612,"date":"2025-01-01T15:21:03","date_gmt":"2025-01-01T15:21:03","guid":{"rendered":"https:\/\/www.creativeenglish.com.pl\/?page_id=612"},"modified":"2025-01-07T05:39:24","modified_gmt":"2025-01-07T05:39:24","slug":"blog","status":"publish","type":"page","link":"https:\/\/www.creativeenglish.com.pl\/index.php\/blog\/","title":{"rendered":"Blog"},"content":{"rendered":"\t\t<div data-elementor-type=\"wp-page\" data-elementor-id=\"612\" class=\"elementor elementor-612\">\n\t\t\t\t\t\t<section class=\"elementor-section elementor-top-section elementor-element elementor-element-f9bf20a elementor-section-boxed elementor-section-height-default elementor-section-height-default\" data-id=\"f9bf20a\" data-element_type=\"section\" data-e-type=\"section\">\n\t\t\t\t\t\t<div class=\"elementor-container elementor-column-gap-default\">\n\t\t\t\t\t<div class=\"elementor-column elementor-col-33 elementor-top-column elementor-element elementor-element-b150e22\" data-id=\"b150e22\" data-element_type=\"column\" data-e-type=\"column\">\n\t\t\t<div class=\"elementor-widget-wrap elementor-element-populated\">\n\t\t\t\t\t\t<div class=\"elementor-element elementor-element-8eb51af elementor-widget elementor-widget-image\" data-id=\"8eb51af\" data-element_type=\"widget\" data-e-type=\"widget\" data-widget_type=\"image.default\">\n\t\t\t\t<div class=\"elementor-widget-container\">\n\t\t\t\t\t\t\t\t\t\t\t\t\t\t\t\t<a href=\"https:\/\/www.creativeenglish.com.pl\/index.php\/2025\/01\/01\/dlaczego-twoje-dziecko-nie-mowi-pelnymi-zdaniami\/\">\n\t\t\t\t\t\t\t<img fetchpriority=\"high\" decoding=\"async\" width=\"1080\" height=\"1080\" src=\"https:\/\/www.creativeenglish.com.pl\/wp-content\/uploads\/2025\/01\/4.png\" class=\"attachment-full size-full wp-image-620\" alt=\"\" srcset=\"https:\/\/www.creativeenglish.com.pl\/wp-content\/uploads\/2025\/01\/4.png 1080w, https:\/\/www.creativeenglish.com.pl\/wp-content\/uploads\/2025\/01\/4-300x300.png 300w, https:\/\/www.creativeenglish.com.pl\/wp-content\/uploads\/2025\/01\/4-1024x1024.png 1024w, https:\/\/www.creativeenglish.com.pl\/wp-content\/uploads\/2025\/01\/4-150x150.png 150w, https:\/\/www.creativeenglish.com.pl\/wp-content\/uploads\/2025\/01\/4-768x768.png 768w, https:\/\/www.creativeenglish.com.pl\/wp-content\/uploads\/2025\/01\/elementor\/thumbs\/4-qzde20thp8s4qqvgzw29hn52ho3mtnh36gsgyhvcgg.png 200w, https:\/\/www.creativeenglish.com.pl\/wp-content\/uploads\/2025\/01\/elementor\/thumbs\/4-qzde20tk4yczyr6xtpslpstskciw55wiy1yt9atsio.png 400w\" sizes=\"(max-width: 1080px) 100vw, 1080px\" \/>\t\t\t\t\t\t\t\t<\/a>\n\t\t\t\t\t\t\t\t\t\t\t\t\t\t\t<\/div>\n\t\t\t\t<\/div>\n\t\t\t\t\t<\/div>\n\t\t<\/div>\n\t\t\t\t<div class=\"elementor-column elementor-col-33 elementor-top-column elementor-element elementor-element-6650a79\" data-id=\"6650a79\" data-element_type=\"column\" data-e-type=\"column\">\n\t\t\t<div class=\"elementor-widget-wrap elementor-element-populated\">\n\t\t\t\t\t\t<div class=\"elementor-element elementor-element-3c4114d elementor-widget elementor-widget-image\" data-id=\"3c4114d\" data-element_type=\"widget\" data-e-type=\"widget\" data-widget_type=\"image.default\">\n\t\t\t\t<div class=\"elementor-widget-container\">\n\t\t\t\t\t\t\t\t\t\t\t\t\t\t\t\t<a href=\"https:\/\/www.creativeenglish.com.pl\/index.php\/2025\/01\/07\/dajcie-spokoj-z-tymi-kolorami-na-angielskim\/\">\n\t\t\t\t\t\t\t<img decoding=\"async\" width=\"800\" height=\"800\" src=\"https:\/\/www.creativeenglish.com.pl\/wp-content\/uploads\/2025\/01\/rzemieslnicze-3-1024x1024.png\" class=\"attachment-large size-large wp-image-624\" alt=\"\" srcset=\"https:\/\/www.creativeenglish.com.pl\/wp-content\/uploads\/2025\/01\/rzemieslnicze-3-1024x1024.png 1024w, https:\/\/www.creativeenglish.com.pl\/wp-content\/uploads\/2025\/01\/rzemieslnicze-3-300x300.png 300w, https:\/\/www.creativeenglish.com.pl\/wp-content\/uploads\/2025\/01\/rzemieslnicze-3-150x150.png 150w, https:\/\/www.creativeenglish.com.pl\/wp-content\/uploads\/2025\/01\/rzemieslnicze-3-768x768.png 768w, https:\/\/www.creativeenglish.com.pl\/wp-content\/uploads\/2025\/01\/rzemieslnicze-3.png 1080w\" sizes=\"(max-width: 800px) 100vw, 800px\" \/>\t\t\t\t\t\t\t\t<\/a>\n\t\t\t\t\t\t\t\t\t\t\t\t\t\t\t<\/div>\n\t\t\t\t<\/div>\n\t\t\t\t\t<\/div>\n\t\t<\/div>\n\t\t\t\t<div class=\"elementor-column elementor-col-33 elementor-top-column elementor-element elementor-element-8166ad1\" data-id=\"8166ad1\" data-element_type=\"column\" data-e-type=\"column\">\n\t\t\t<div class=\"elementor-widget-wrap elementor-element-populated\">\n\t\t\t\t\t\t<div class=\"elementor-element elementor-element-d01aa24 elementor-widget elementor-widget-image\" data-id=\"d01aa24\" data-element_type=\"widget\" data-e-type=\"widget\" data-widget_type=\"image.default\">\n\t\t\t\t<div class=\"elementor-widget-container\">\n\t\t\t\t\t\t\t\t\t\t\t\t\t\t\t\t<a href=\"https:\/\/www.creativeenglish.com.pl\/index.php\/2025\/01\/06\/czy-lekcja-online-jest-gorsza-od-zajec-stacjonarnych\/\">\n\t\t\t\t\t\t\t<img decoding=\"async\" width=\"800\" height=\"800\" src=\"https:\/\/www.creativeenglish.com.pl\/wp-content\/uploads\/2025\/01\/2-1024x1024.png\" class=\"attachment-large size-large wp-image-622\" alt=\"\" srcset=\"https:\/\/www.creativeenglish.com.pl\/wp-content\/uploads\/2025\/01\/2-1024x1024.png 1024w, https:\/\/www.creativeenglish.com.pl\/wp-content\/uploads\/2025\/01\/2-300x300.png 300w, https:\/\/www.creativeenglish.com.pl\/wp-content\/uploads\/2025\/01\/2-150x150.png 150w, https:\/\/www.creativeenglish.com.pl\/wp-content\/uploads\/2025\/01\/2-768x768.png 768w, https:\/\/www.creativeenglish.com.pl\/wp-content\/uploads\/2025\/01\/2.png 1080w\" sizes=\"(max-width: 800px) 100vw, 800px\" \/>\t\t\t\t\t\t\t\t<\/a>\n\t\t\t\t\t\t\t\t\t\t\t\t\t\t\t<\/div>\n\t\t\t\t<\/div>\n\t\t\t\t\t<\/div>\n\t\t<\/div>\n\t\t\t\t\t<\/div>\n\t\t<\/section>\n\t\t\t\t<section class=\"elementor-section elementor-top-section elementor-element elementor-element-393f8d5 elementor-section-boxed elementor-section-height-default elementor-section-height-default\" data-id=\"393f8d5\" data-element_type=\"section\" data-e-type=\"section\">\n\t\t\t\t\t\t<div class=\"elementor-container elementor-column-gap-default\">\n\t\t\t\t\t<div class=\"elementor-column elementor-col-33 elementor-top-column elementor-element elementor-element-f6cdc63\" data-id=\"f6cdc63\" data-element_type=\"column\" data-e-type=\"column\">\n\t\t\t<div class=\"elementor-widget-wrap elementor-element-populated\">\n\t\t\t\t\t\t<div class=\"elementor-element elementor-element-4af56dc elementor-widget elementor-widget-heading\" data-id=\"4af56dc\" data-element_type=\"widget\" data-e-type=\"widget\" data-widget_type=\"heading.default\">\n\t\t\t\t<div class=\"elementor-widget-container\">\n\t\t\t\t\t<h2 class=\"elementor-heading-title elementor-size-default\"><a href=\"https:\/\/www.creativeenglish.com.pl\/index.php\/2025\/01\/01\/dlaczego-twoje-dziecko-nie-mowi-pelnymi-zdaniami\/\">Dlaczego Twoje dziecko uczy si\u0119 angielskiego <br>a wci\u0105\u017c nie potrafi zbudowa\u0107 pe\u0142nego zdania?<\/a><\/h2>\t\t\t\t<\/div>\n\t\t\t\t<\/div>\n\t\t\t\t\t<\/div>\n\t\t<\/div>\n\t\t\t\t<div class=\"elementor-column elementor-col-33 elementor-top-column elementor-element elementor-element-4ab847c\" data-id=\"4ab847c\" data-element_type=\"column\" data-e-type=\"column\">\n\t\t\t<div class=\"elementor-widget-wrap elementor-element-populated\">\n\t\t\t\t\t\t<div class=\"elementor-element elementor-element-eb3ea17 elementor-widget elementor-widget-heading\" data-id=\"eb3ea17\" data-element_type=\"widget\" data-e-type=\"widget\" data-widget_type=\"heading.default\">\n\t\t\t\t<div class=\"elementor-widget-container\">\n\t\t\t\t\t<h2 class=\"elementor-heading-title elementor-size-default\"><a href=\"https:\/\/www.creativeenglish.com.pl\/index.php\/2025\/01\/07\/dajcie-spokoj-z-tymi-kolorami-na-angielskim\/\">Dajcie spok\u00f3j z tymi kolorami na angielskim...<\/a><\/h2>\t\t\t\t<\/div>\n\t\t\t\t<\/div>\n\t\t\t\t\t<\/div>\n\t\t<\/div>\n\t\t\t\t<div class=\"elementor-column elementor-col-33 elementor-top-column elementor-element elementor-element-e5115b3\" data-id=\"e5115b3\" data-element_type=\"column\" data-e-type=\"column\">\n\t\t\t<div class=\"elementor-widget-wrap elementor-element-populated\">\n\t\t\t\t\t\t<div class=\"elementor-element elementor-element-0c3a52d elementor-widget elementor-widget-heading\" data-id=\"0c3a52d\" data-element_type=\"widget\" data-e-type=\"widget\" data-widget_type=\"heading.default\">\n\t\t\t\t<div class=\"elementor-widget-container\">\n\t\t\t\t\t<h2 class=\"elementor-heading-title elementor-size-default\"><a href=\"https:\/\/www.creativeenglish.com.pl\/index.php\/2025\/01\/06\/czy-lekcja-online-jest-gorsza-od-zajec-stacjonarnych\/\">Czy lekcja online jest gorsza od stacjonarnej?<\/a><\/h2>\t\t\t\t<\/div>\n\t\t\t\t<\/div>\n\t\t\t\t\t<\/div>\n\t\t<\/div>\n\t\t\t\t\t<\/div>\n\t\t<\/section>\n\t\t\t\t<\/div>\n\t\t","protected":false},"excerpt":{"rendered":"<p>Dlaczego Twoje dziecko uczy si\u0119 angielskiego a wci\u0105\u017c nie potrafi zbudowa\u0107 pe\u0142nego zdania? Dajcie spok\u00f3j z tymi kolorami na angielskim&#8230; Czy lekcja online jest gorsza od stacjonarnej?<\/p>\n","protected":false},"author":1,"featured_media":0,"parent":0,"menu_order":0,"comment_status":"closed","ping_status":"closed","template":"","meta":{"footnotes":""},"class_list":["post-612","page","type-page","status-publish","hentry"],"_links":{"self":[{"href":"https:\/\/www.creativeenglish.com.pl\/index.php\/wp-json\/wp\/v2\/pages\/612","targetHints":{"allow":["GET"]}}],"collection":[{"href":"https:\/\/www.creativeenglish.com.pl\/index.php\/wp-json\/wp\/v2\/pages"}],"about":[{"href":"https:\/\/www.creativeenglish.com.pl\/index.php\/wp-json\/wp\/v2\/types\/page"}],"author":[{"embeddable":true,"href":"https:\/\/www.creativeenglish.com.pl\/index.php\/wp-json\/wp\/v2\/users\/1"}],"replies":[{"embeddable":true,"href":"https:\/\/www.creativeenglish.com.pl\/index.php\/wp-json\/wp\/v2\/comments?post=612"}],"version-history":[{"count":24,"href":"https:\/\/www.creativeenglish.com.pl\/index.php\/wp-json\/wp\/v2\/pages\/612\/revisions"}],"predecessor-version":[{"id":813,"href":"https:\/\/www.creativeenglish.com.pl\/index.php\/wp-json\/wp\/v2\/pages\/612\/revisions\/813"}],"wp:attachment":[{"href":"https:\/\/www.creativeenglish.com.pl\/index.php\/wp-json\/wp\/v2\/media?parent=612"}],"curies":[{"name":"wp","href":"https:\/\/api.w.org\/{rel}","templated":true}]}}