{"id":972,"date":"2026-03-20T13:06:16","date_gmt":"2026-03-20T13:06:16","guid":{"rendered":"https:\/\/www.creativeenglish.com.pl\/?page_id=972"},"modified":"2026-03-20T13:23:29","modified_gmt":"2026-03-20T13:23:29","slug":"polkolonie-lato-2026","status":"publish","type":"page","link":"https:\/\/www.creativeenglish.com.pl\/index.php\/polkolonie-lato-2026\/","title":{"rendered":"P\u00f3\u0142kolonie LATO 2026"},"content":{"rendered":"\t\t<div data-elementor-type=\"wp-page\" data-elementor-id=\"972\" class=\"elementor elementor-972\">\n\t\t\t\t\t\t<section class=\"elementor-section elementor-top-section elementor-element elementor-element-e765f07 elementor-section-boxed elementor-section-height-default elementor-section-height-default\" data-id=\"e765f07\" data-element_type=\"section\" data-e-type=\"section\">\n\t\t\t\t\t\t<div class=\"elementor-container elementor-column-gap-default\">\n\t\t\t\t\t<div class=\"elementor-column elementor-col-100 elementor-top-column elementor-element elementor-element-b097031\" data-id=\"b097031\" data-element_type=\"column\" data-e-type=\"column\">\n\t\t\t<div class=\"elementor-widget-wrap elementor-element-populated\">\n\t\t\t\t\t\t<div class=\"elementor-element elementor-element-eb6308f elementor-widget elementor-widget-text-editor\" data-id=\"eb6308f\" data-element_type=\"widget\" data-e-type=\"widget\" data-widget_type=\"text-editor.default\">\n\t\t\t\t<div class=\"elementor-widget-container\">\n\t\t\t\t\t\t\t\t\t<p>\ud83c\udf3f\u00a0<strong>Aktywne wakacje z Creative English<\/strong><\/p><p>Zapraszamy na wyj\u0105tkowe p\u00f3\u0142kolonie dla dzieci, kt\u00f3re \u0142\u0105cz\u0105 ruch, natur\u0119 i j\u0119zyk angielski w najbardziej naturalny spos\u00f3b.<\/p><p>Je\u015bli chcesz, aby Twoje dziecko sp\u0119dzi\u0142o lato w kameralnej grupie r\u00f3wie\u015bnik\u00f3w, odpocz\u0119\u0142o od ekran\u00f3w, a jednocze\u015bnie by\u0142o aktywne, zaopiekowane i mia\u0142o codzienny kontakt z j\u0119zykiem angielskim \u2014 jeste\u015b w dobrym miejscu.<\/p><p>\u2728 Tworzymy przestrze\u0144 na relacje, kreatywno\u015b\u0107 i prawdziwy odpoczynek.<\/p>\t\t\t\t\t\t\t\t<\/div>\n\t\t\t\t<\/div>\n\t\t\t\t\t<\/div>\n\t\t<\/div>\n\t\t\t\t\t<\/div>\n\t\t<\/section>\n\t\t\t\t<section class=\"elementor-section elementor-top-section elementor-element elementor-element-afe7ddc elementor-section-boxed elementor-section-height-default elementor-section-height-default\" data-id=\"afe7ddc\" data-element_type=\"section\" data-e-type=\"section\">\n\t\t\t\t\t\t<div class=\"elementor-container elementor-column-gap-default\">\n\t\t\t\t\t<div class=\"elementor-column elementor-col-100 elementor-top-column elementor-element elementor-element-fd24b88\" data-id=\"fd24b88\" data-element_type=\"column\" data-e-type=\"column\">\n\t\t\t<div class=\"elementor-widget-wrap elementor-element-populated\">\n\t\t\t\t\t\t<div class=\"elementor-element elementor-element-65821ed elementor-widget elementor-widget-text-editor\" data-id=\"65821ed\" data-element_type=\"widget\" data-e-type=\"widget\" data-widget_type=\"text-editor.default\">\n\t\t\t\t<div class=\"elementor-widget-container\">\n\t\t\t\t\t\t\t\t\t<p><strong>Terminy turnus\u00f3w<\/strong><\/p><p><strong>20.07 \u2013 24.07<\/strong><br \/><strong>27.07 \u2013 31.07<\/strong><br \/><strong>03.08 \u2013 07.08<\/strong><br \/><strong>10.08 \u2013 14.08<\/strong><\/p><p>\u00a0Godziny:\u00a0<strong>8:00 \u2013 17:00<\/strong><br \/>\u00a0Wiek:\u00a0<strong>6\/7 \u2013 10\/11 lat<\/strong><\/p>\t\t\t\t\t\t\t\t<\/div>\n\t\t\t\t<\/div>\n\t\t\t\t\t<\/div>\n\t\t<\/div>\n\t\t\t\t\t<\/div>\n\t\t<\/section>\n\t\t\t\t<section class=\"elementor-section elementor-top-section elementor-element elementor-element-d9352bb elementor-section-boxed elementor-section-height-default elementor-section-height-default\" data-id=\"d9352bb\" data-element_type=\"section\" data-e-type=\"section\">\n\t\t\t\t\t\t<div class=\"elementor-container elementor-column-gap-default\">\n\t\t\t\t\t<div class=\"elementor-column elementor-col-100 elementor-top-column elementor-element elementor-element-4dbb3c3\" data-id=\"4dbb3c3\" data-element_type=\"column\" data-e-type=\"column\">\n\t\t\t<div class=\"elementor-widget-wrap elementor-element-populated\">\n\t\t\t\t\t\t<div class=\"elementor-element elementor-element-29f58c1 elementor-widget elementor-widget-text-editor\" data-id=\"29f58c1\" data-element_type=\"widget\" data-e-type=\"widget\" data-widget_type=\"text-editor.default\">\n\t\t\t\t<div class=\"elementor-widget-container\">\n\t\t\t\t\t\t\t\t\t<p>\ud83c\udf3f\u00a0<strong>Co nas wyr\u00f3\u017cnia?<\/strong>\u00a0\u2728 Ma\u0142e grupy<\/p><p>Pracujemy w kameralnych grupach (maks. 12 os\u00f3b), dzi\u0119ki czemu ka\u017cde dziecko jest zauwa\u017cone, wys\u0142uchane i zaopiekowane.<\/p><p>\ud83d\udc69\u200d\ud83c\udfeb Uwa\u017cna opieka<\/p><p>Ka\u017cd\u0105 grup\u0105 opiekuje si\u0119 dw\u00f3ch wychowawc\u00f3w \u2013 polsko- i angloj\u0119zyczny.<br \/>Opiekun polskoj\u0119zyczny posiada odpowiednie kwalifikacje i do\u015bwiadczenie w pracy z dzie\u0107mi, natomiast opiekun angloj\u0119zyczny jest do\u015bwiadczonym lektorem pracuj\u0105cym na co dzie\u0144 z dzie\u0107mi w tym wieku.<\/p><p>Dzi\u0119ki temu dzieci maj\u0105 naturalny kontakt z j\u0119zykiem angielskim przez ca\u0142y dzie\u0144 \u2013 nie tylko podczas zaj\u0119\u0107, ale r\u00f3wnie\u017c w codziennych sytuacjach i zabawie.<\/p><p>\ud83c\udf31 Przestrze\u0144 na swobod\u0119<\/p><p>Nie wype\u0142niamy czasu \u201epo brzegi\u201d. Dajemy dzieciom przestrze\u0144 na swobodn\u0105 zabaw\u0119 i w\u0142asne pomys\u0142y \u2014 to w\u0142a\u015bnie wtedy rozwija si\u0119 kreatywno\u015b\u0107 i powstaj\u0105 najpi\u0119kniejsze relacje.<\/p><p>\ud83c\uddec\ud83c\udde7 Angielski na co dzie\u0144<\/p><p>J\u0119zyk angielski towarzyszy dzieciom w naturalny spos\u00f3b \u2014 poprzez warsztaty, zabaw\u0119 i codzienn\u0105 komunikacj\u0119.<\/p><p>\ud83c\udf33 Blisko natury<\/p><p>Codziennie sp\u0119dzamy czas na \u015bwie\u017cym powietrzu \u2014 w parkach, lasach i na placach zabaw. Uczymy si\u0119 przez do\u015bwiadczenie i ruch.<\/p><p>\ud83d\udcf5 Bez ekran\u00f3w<\/p><p>Podczas p\u00f3\u0142kolonii rezygnujemy z telefon\u00f3w i nowoczesnych technologii \u2014 stawiamy na bycie \u201etu i teraz\u201d.<\/p><p>\ud83e\udd57 Zdrowe nawyki<\/p><p>Zapewniamy pe\u0142ne wy\u017cywienie oraz nielimitowany dost\u0119p do wody pitnej.<\/p><p>\ud83d\ude90 Wycieczka na zako\u0144czenie<\/p><p>Ka\u017cdy turnus ko\u0144czymy wyj\u0105tkow\u0105 wycieczk\u0105 b\u0119d\u0105c\u0105 podsumowaniem wsp\u00f3lnej przygody.<\/p>\t\t\t\t\t\t\t\t<\/div>\n\t\t\t\t<\/div>\n\t\t\t\t\t<\/div>\n\t\t<\/div>\n\t\t\t\t\t<\/div>\n\t\t<\/section>\n\t\t\t\t<section class=\"elementor-section elementor-top-section elementor-element elementor-element-b4df157 elementor-section-boxed elementor-section-height-default elementor-section-height-default\" data-id=\"b4df157\" data-element_type=\"section\" data-e-type=\"section\">\n\t\t\t\t\t\t<div class=\"elementor-container elementor-column-gap-default\">\n\t\t\t\t\t<div class=\"elementor-column elementor-col-100 elementor-top-column elementor-element elementor-element-9c2c6ae\" data-id=\"9c2c6ae\" data-element_type=\"column\" data-e-type=\"column\">\n\t\t\t<div class=\"elementor-widget-wrap elementor-element-populated\">\n\t\t\t\t\t\t<div class=\"elementor-element elementor-element-478b7eb elementor-widget elementor-widget-text-editor\" data-id=\"478b7eb\" data-element_type=\"widget\" data-e-type=\"widget\" data-widget_type=\"text-editor.default\">\n\t\t\t\t<div class=\"elementor-widget-container\">\n\t\t\t\t\t\t\t\t\t<p>\ud83d\udcb0\u00a0<strong>Cennik<\/strong><\/p><p><strong>Cena promocyjna:<\/strong>\u00a01000 z\u0142<br \/><em>(przy zapisie do 30.04)<\/em><\/p><p><strong>Cena regularna:<\/strong>\u00a01150 z\u0142<\/p><p><strong>Pojedynczy dzie\u0144:<\/strong>\u00a0300 z\u0142<\/p><p>\ud83c\udf81\u00a0<strong>Zni\u017cki<\/strong><\/p><ul><li><p>dla uczni\u00f3w naszej szko\u0142y:\u00a0<strong>\u2013100 z\u0142<\/strong><\/p><\/li><li><p>zni\u017cka rodzinna:\u00a0<strong>\u2013100 z\u0142<\/strong>\u00a0(na drug\u0105 i ka\u017cd\u0105 kolejn\u0105 osob\u0119)<\/p><\/li><li><p>przy zapisie na wi\u0119cej ni\u017c jeden turnus:\u00a0<strong>\u2013100 z\u0142<\/strong>\u00a0(na drugi i ka\u017cdy kolejny)<\/p><\/li><\/ul><p>\ud83d\udc49 Zni\u017cki \u0142\u0105cz\u0105 si\u0119<\/p><p>\ud83c\udf7d\ufe0f\u00a0<strong>Dodatkowo p\u0142atne<\/strong><\/p><p>Dieta specjalna (np. bezmleczna, bezglutenowa):\u00a0<strong>+12 z\u0142\/dzie\u0144<\/strong><br \/><em>(prosimy o informacj\u0119 przy zapisie)<\/em><\/p>\t\t\t\t\t\t\t\t<\/div>\n\t\t\t\t<\/div>\n\t\t\t\t\t<\/div>\n\t\t<\/div>\n\t\t\t\t\t<\/div>\n\t\t<\/section>\n\t\t\t\t<section class=\"elementor-section elementor-top-section elementor-element elementor-element-db7f0e8 elementor-section-boxed elementor-section-height-default elementor-section-height-default\" data-id=\"db7f0e8\" data-element_type=\"section\" data-e-type=\"section\">\n\t\t\t\t\t\t<div class=\"elementor-container elementor-column-gap-default\">\n\t\t\t\t\t<div class=\"elementor-column elementor-col-100 elementor-top-column elementor-element elementor-element-319d535\" data-id=\"319d535\" data-element_type=\"column\" data-e-type=\"column\">\n\t\t\t<div class=\"elementor-widget-wrap elementor-element-populated\">\n\t\t\t\t\t\t<div class=\"elementor-element elementor-element-48b8843 elementor-widget elementor-widget-text-editor\" data-id=\"48b8843\" data-element_type=\"widget\" data-e-type=\"widget\" data-widget_type=\"text-editor.default\">\n\t\t\t\t<div class=\"elementor-widget-container\">\n\t\t\t\t\t\t\t\t\t<p>\u00a0<strong>Cena obejmuje:<\/strong><\/p><ul><li><p>opiek\u0119 w godzinach\u00a0<strong>8:00\u201317:00<\/strong><br \/><em>(baz\u0105 jest nasza szko\u0142a przy ul. Stryje\u0144skich \u2013 st\u0105d wyruszamy na codzienne wyj\u015bcia i wycieczki)<\/em><\/p><\/li><li><p>ubezpieczenie NNW<\/p><\/li><li><p>ca\u0142odzienne wy\u017cywienie (II \u015bniadanie, obiad, podwieczorek)<\/p><\/li><li><p>nielimitowany dost\u0119p do wody<\/p><\/li><li><p>kameraln\u0105 grup\u0119 (max. 12 dzieci)<\/p><\/li><li><p>opiek\u0119 2 wychowawc\u00f3w (polsko- i angloj\u0119zycznego)<\/p><\/li><li><p>codzienny czas na \u015bwie\u017cym powietrzu (niezale\u017cnie od pogody)<\/p><\/li><\/ul>\t\t\t\t\t\t\t\t<\/div>\n\t\t\t\t<\/div>\n\t\t\t\t\t<\/div>\n\t\t<\/div>\n\t\t\t\t\t<\/div>\n\t\t<\/section>\n\t\t\t\t<section class=\"elementor-section elementor-top-section elementor-element elementor-element-400f993 elementor-section-boxed elementor-section-height-default elementor-section-height-default\" data-id=\"400f993\" data-element_type=\"section\" data-e-type=\"section\">\n\t\t\t\t\t\t<div class=\"elementor-container elementor-column-gap-default\">\n\t\t\t\t\t<div class=\"elementor-column elementor-col-100 elementor-top-column elementor-element elementor-element-12e8c9c\" data-id=\"12e8c9c\" data-element_type=\"column\" data-e-type=\"column\">\n\t\t\t<div class=\"elementor-widget-wrap elementor-element-populated\">\n\t\t\t\t\t\t<div class=\"elementor-element elementor-element-2380ba7 elementor-align-center elementor-widget elementor-widget-button\" data-id=\"2380ba7\" data-element_type=\"widget\" data-e-type=\"widget\" data-widget_type=\"button.default\">\n\t\t\t\t<div class=\"elementor-widget-container\">\n\t\t\t\t\t\t\t\t\t<div class=\"elementor-button-wrapper\">\n\t\t\t\t\t<a class=\"elementor-button elementor-button-link elementor-size-sm\" href=\"#\">\n\t\t\t\t\t\t<span class=\"elementor-button-content-wrapper\">\n\t\t\t\t\t\t\t\t\t<span class=\"elementor-button-text\">FORMULARZ ZAPISU NA P\u00d3\u0141KOLONIE<\/span>\n\t\t\t\t\t<\/span>\n\t\t\t\t\t<\/a>\n\t\t\t\t<\/div>\n\t\t\t\t\t\t\t\t<\/div>\n\t\t\t\t<\/div>\n\t\t\t\t\t<\/div>\n\t\t<\/div>\n\t\t\t\t\t<\/div>\n\t\t<\/section>\n\t\t\t\t<\/div>\n\t\t","protected":false},"excerpt":{"rendered":"","protected":false},"author":1,"featured_media":0,"parent":0,"menu_order":0,"comment_status":"closed","ping_status":"closed","template":"","meta":{"footnotes":""},"class_list":["post-972","page","type-page","status-publish","hentry"],"_links":{"self":[{"href":"https:\/\/www.creativeenglish.com.pl\/index.php\/wp-json\/wp\/v2\/pages\/972","targetHints":{"allow":["GET"]}}],"collection":[{"href":"https:\/\/www.creativeenglish.com.pl\/index.php\/wp-json\/wp\/v2\/pages"}],"about":[{"href":"https:\/\/www.creativeenglish.com.pl\/index.php\/wp-json\/wp\/v2\/types\/page"}],"author":[{"embeddable":true,"href":"https:\/\/www.creativeenglish.com.pl\/index.php\/wp-json\/wp\/v2\/users\/1"}],"replies":[{"embeddable":true,"href":"https:\/\/www.creativeenglish.com.pl\/index.php\/wp-json\/wp\/v2\/comments?post=972"}],"version-history":[{"count":5,"href":"https:\/\/www.creativeenglish.com.pl\/index.php\/wp-json\/wp\/v2\/pages\/972\/revisions"}],"predecessor-version":[{"id":981,"href":"https:\/\/www.creativeenglish.com.pl\/index.php\/wp-json\/wp\/v2\/pages\/972\/revisions\/981"}],"wp:attachment":[{"href":"https:\/\/www.creativeenglish.com.pl\/index.php\/wp-json\/wp\/v2\/media?parent=972"}],"curies":[{"name":"wp","href":"https:\/\/api.w.org\/{rel}","templated":true}]}}